{"id":3195,"date":"2021-09-28T14:38:24","date_gmt":"2021-09-28T14:38:09","guid":{"rendered":"https:\/\/asistiripsyhse.com.co\/nuevo2021\/proteccion-de-datos-2\/"},"modified":"2022-01-31T02:36:05","modified_gmt":"2022-01-31T02:36:05","slug":"guia-orientacion-al-cliente","status":"publish","type":"page","link":"https:\/\/asistiripsyhse.com.co\/nuevo2021\/guia-orientacion-al-cliente\/","title":{"rendered":"GU\u00cdA DE ORIENTACI\u00d3N AL CLIENTE"},"content":{"rendered":"\t\t<div data-elementor-type=\"wp-page\" data-elementor-id=\"3195\" class=\"elementor elementor-3195\">\n\t\t\t\t\t\t<div class=\"elementor-inner\">\n\t\t\t\t<div class=\"elementor-section-wrap\">\n\t\t\t\t\t\t\t\t\t<section class=\"elementor-section elementor-top-section elementor-element elementor-element-30340047 elementor-section-boxed elementor-section-height-default elementor-section-height-default\" data-id=\"30340047\" data-element_type=\"section\">\n\t\t\t\t\t\t<div class=\"elementor-container elementor-column-gap-default\">\n\t\t\t\t\t\t\t<div class=\"elementor-row\">\n\t\t\t\t\t<div class=\"elementor-column elementor-col-100 elementor-top-column elementor-element elementor-element-7e98d9e5\" data-id=\"7e98d9e5\" data-element_type=\"column\">\n\t\t\t<div class=\"elementor-column-wrap elementor-element-populated\">\n\t\t\t\t\t\t\t<div class=\"elementor-widget-wrap\">\n\t\t\t\t\t\t<div class=\"elementor-element elementor-element-2400d1c elementor-widget elementor-widget-heading\" data-id=\"2400d1c\" data-element_type=\"widget\" data-widget_type=\"heading.default\">\n\t\t\t\t<div class=\"elementor-widget-container\">\n\t\t\t<h2 class=\"elementor-heading-title elementor-size-xl\"> GU\u00cdA DE ORIENTACI\u00d3N AL CLIENTE<\/h2>\t\t<\/div>\n\t\t\t\t<\/div>\n\t\t\t\t<div class=\"elementor-element elementor-element-964ba9d elementor-widget elementor-widget-accordion\" data-id=\"964ba9d\" data-element_type=\"widget\" data-widget_type=\"accordion.default\">\n\t\t\t\t<div class=\"elementor-widget-container\">\n\t\t\t\t\t<div class=\"elementor-accordion\" role=\"tablist\">\n\t\t\t\t\t\t\t<div class=\"elementor-accordion-item\">\n\t\t\t\t\t<div id=\"elementor-tab-title-1571\" class=\"elementor-tab-title\" data-tab=\"1\" role=\"tab\" aria-controls=\"elementor-tab-content-1571\" aria-expanded=\"false\">\n\t\t\t\t\t\t\t\t\t\t\t\t<a class=\"elementor-accordion-title\" href=\"\">SERVICIOS M\u00c9DICOS OCUPACIONALES<\/a>\n\t\t\t\t\t<\/div>\n\t\t\t\t\t<div id=\"elementor-tab-content-1571\" class=\"elementor-tab-content elementor-clearfix\" data-tab=\"1\" role=\"tabpanel\" aria-labelledby=\"elementor-tab-title-1571\"><p class=\"p1\">Para efectos de coordinaci\u00f3n y oportunidad,\u00a0 agradecemos se comuniquen con anticipaci\u00f3n a\u00a0 los n\u00fameros y\/o correo de citas citas@asistiripsyhse.com.co;\u00a0 y\/o n\u00fameros de atenci\u00f3n al usuario. 3138163434- 6357082. Con el fin de emitir la informaci\u00f3n de los usuarios que se\u00a0 atender\u00e1n.<\/p>\n<p class=\"p1\">Tener en cuenta que la atenci\u00f3n es de acuerdo a\u00a0 la hora de llegada.<\/p>\n<p class=\"p1\">La toma de laboratorios es de 6:00 AM a 9:00 am de lunes a viernes y el s\u00e1bado de 6:00 am \u2013 9:00 am., lo anterior con el fin de garantizar un resultado confiable de los laboratorios. Los trabajadores deben estar completamente en ayunas.<\/p>\n<p class=\"p1\">Sus dudas e inquietudes frente a los servicios ser\u00e1n atendidos v\u00eda correo serviciosips@asistiripsyhse.com.co y\/o en el celular 3123918667.<\/p><\/div>\n\t\t\t\t<\/div>\n\t\t\t\t\t\t\t<div class=\"elementor-accordion-item\">\n\t\t\t\t\t<div id=\"elementor-tab-title-1572\" class=\"elementor-tab-title\" data-tab=\"2\" role=\"tab\" aria-controls=\"elementor-tab-content-1572\" aria-expanded=\"false\">\n\t\t\t\t\t\t\t\t\t\t\t\t<a class=\"elementor-accordion-title\" href=\"\">TOMA DE EX\u00c1MENES DE LABORATORIO<\/a>\n\t\t\t\t\t<\/div>\n\t\t\t\t\t<div id=\"elementor-tab-content-1572\" class=\"elementor-tab-content elementor-clearfix\" data-tab=\"2\" role=\"tabpanel\" aria-labelledby=\"elementor-tab-title-1572\"><ul id=\"u5819-19\" class=\"list0 nls-None\">\n<li id=\"u5819-2\" class=\"p1\"><strong>Glicemia, curva de glicemia, Test Osullivan:<\/strong> No ingerir bebidas alcoh\u00f3licas 24 horas antes de examen, no realizar ejercicios intensos el d\u00eda anterior.<\/li>\n<li id=\"u5819-4\" class=\"p1\"><strong>VDRL o Serolog\u00eda:<\/strong> Ayuno 8 Horas<\/li>\n<li id=\"u5819-6\" class=\"p1\"><strong>Parcial de Orina:<\/strong> Recolectar la primera orina de la ma\u00f1ana, la muestra no se debe recoger durante el periodo menstrual.<\/li>\n<li id=\"u5819-8\" class=\"p1\"><strong>Coprol\u00f3gico \/Coproscopico:<\/strong> Recolectar en recipiente de muestra coprologico seco, y limpio, deber\u00e1 ser entregada al laboratorio tan pronto sea recogida.<\/li>\n<li id=\"u5819-10\" class=\"p1\"><strong>KOH:<\/strong> Remover esmalte (3) d\u00edas antes de la toma de la muestra.<\/li>\n<li id=\"u5819-12\" class=\"p1\"><strong>\u00c1cido \u00darico:<\/strong> No consumir alcohol 48 horas antes de la toma de la muestra, preferiblemente ayuno de 12 horas.<\/li>\n<li id=\"u5819-14\" class=\"p1\"><strong>Perfil Lip\u00eddico:<\/strong> Estricto ayuno de 12 horas, no ingerir bebidas alcoh\u00f3licas 72 horas antes, no fumar el d\u00eda anterior.<\/li>\n<li id=\"u5819-16\" class=\"p1\"><strong>Ant\u00edgeno prost\u00e1tico:<\/strong> En ayuno de 12 horas, no ingerir bebidas alcoh\u00f3licas 72 horas antes<\/li>\n<\/ul>\n<p>Es importante tener en cuenta que los ex\u00e1menes de segundo y tercer nivel son realizados por el laboratorio de referencia para lo cual se cuenta un lapso de 4 a 8 d\u00edas para la entrega de los reportes seg\u00fan el tipo de laboratorio<\/p><\/div>\n\t\t\t\t<\/div>\n\t\t\t\t\t\t\t<div class=\"elementor-accordion-item\">\n\t\t\t\t\t<div id=\"elementor-tab-title-1573\" class=\"elementor-tab-title\" data-tab=\"3\" role=\"tab\" aria-controls=\"elementor-tab-content-1573\" aria-expanded=\"false\">\n\t\t\t\t\t\t\t\t\t\t\t\t<a class=\"elementor-accordion-title\" href=\"\">AUDIOMETR\u00cdA<\/a>\n\t\t\t\t\t<\/div>\n\t\t\t\t\t<div id=\"elementor-tab-content-1573\" class=\"elementor-tab-content elementor-clearfix\" data-tab=\"3\" role=\"tabpanel\" aria-labelledby=\"elementor-tab-title-1573\"><ul>\n<li id=\"u5820-2\" class=\"p1\">Tener un reposo auditivo m\u00ednimo de 8 horas.<\/li>\n<li id=\"u5820-4\" class=\"p1\">No usar aud\u00edfonos 8 horas antes al examen.<\/li>\n<li id=\"u5820-6\" class=\"p1\">Minimizar la\u00a0 movilizaci\u00f3n en motocicleta 4 horas antes del examen.<\/li>\n<li id=\"u5820-8\" class=\"p1\">Preferiblemente no haber viajado durante las 8 horas anteriores del examen.<\/li>\n<\/ul><\/div>\n\t\t\t\t<\/div>\n\t\t\t\t\t\t\t<div class=\"elementor-accordion-item\">\n\t\t\t\t\t<div id=\"elementor-tab-title-1574\" class=\"elementor-tab-title\" data-tab=\"4\" role=\"tab\" aria-controls=\"elementor-tab-content-1574\" aria-expanded=\"false\">\n\t\t\t\t\t\t\t\t\t\t\t\t<a class=\"elementor-accordion-title\" href=\"\">OPTOMETR\u00cdA<\/a>\n\t\t\t\t\t<\/div>\n\t\t\t\t\t<div id=\"elementor-tab-content-1574\" class=\"elementor-tab-content elementor-clearfix\" data-tab=\"4\" role=\"tabpanel\" aria-labelledby=\"elementor-tab-title-1574\"><ul>\n<li id=\"u5864-2\" class=\"p1\">Recuerde que como paciente es indispensable que si usa lentes, debe presentarlos en el momento de realizar su examen para verificar el estado actual de su visi\u00f3n.<\/li>\n<li id=\"u5864-4\" class=\"p1\">Retirar los lentes de contacto 8 horas antes del examen. Por reposo visual.<\/li>\n<\/ul><\/div>\n\t\t\t\t<\/div>\n\t\t\t\t\t\t\t<div class=\"elementor-accordion-item\">\n\t\t\t\t\t<div id=\"elementor-tab-title-1575\" class=\"elementor-tab-title\" data-tab=\"5\" role=\"tab\" aria-controls=\"elementor-tab-content-1575\" aria-expanded=\"false\">\n\t\t\t\t\t\t\t\t\t\t\t\t<a class=\"elementor-accordion-title\" href=\"\">TOMA Y LECTURA DE RX<\/a>\n\t\t\t\t\t<\/div>\n\t\t\t\t\t<div id=\"elementor-tab-content-1575\" class=\"elementor-tab-content elementor-clearfix\" data-tab=\"5\" role=\"tabpanel\" aria-labelledby=\"elementor-tab-title-1575\"><p><span style=\"color: #333333;\">TENDR\u00c1 UNA OPORTUNIDAD DE 2 A 3 D\u00cdAS AS\u00cd:<\/span><\/p>\n<ul id=\"u5882-7\" class=\"list0 nls-None\">\n<li id=\"u5882-2\" class=\"p1\"><span style=\"color: #333333;\">Si la toma de la radiograf\u00eda es realizada antes de las 8 Am; la entrega de los reportes por parte del Radi\u00f3logo, ser\u00e1 en las siguientes Veinticuatro (24) horas, momento en el que se procede a cerrar la historia cl\u00ednica de nuestro proceso de atenci\u00f3n.<\/span><\/li>\n<li id=\"u5882-4\" class=\"p1\"><span style=\"color: #333333;\">En caso de que el paciente se presente despu\u00e9s de las 9:00 am, a la toma de la radiograf\u00eda, la entrega del reporte por parte del radi\u00f3logo ser\u00e1 de Treinta (36) horas posteriores a la toma.<\/span><\/li>\n<li id=\"u5882-6\" class=\"p1\"><span style=\"color: #333333;\">Por tal motivo se recomienda indicarles a los trabajadores que requieren del servicio de RX.<\/span><\/li>\n<\/ul>\n<ol id=\"u5882-15\" class=\"list0 nls-None\">\n<li id=\"u5882-10\" class=\"p1\"><span style=\"color: #333333;\">Presentarse a las 6:00 am en nuestras instalaciones.<\/span><\/li>\n<li id=\"u5882-12\" class=\"p1\"><span style=\"color: #333333;\">Tener presente que el proceso no se puede cerrar el mismo d\u00eda, por que se requiere del reporte de los RX.<\/span><\/li>\n<li id=\"u5882-14\" class=\"p1\"><span style=\"color: #333333;\">Para los pacientes que requieran de RX de Columna deber\u00e1 cumplir con las siguientes indicaciones:<\/span><\/li>\n<\/ol>\n<p id=\"u5882-17\" class=\"p1\"><span style=\"color: #333333;\">El d\u00eda anterior al examen no tomar leche, ninguno de sus derivados, no tomar gaseosa, no consumir carnes, puede ingerir: consom\u00e9, gelatina, jugos en agua, agua de panela, agua arom\u00e1tica y abundante agua durante todo el d\u00eda, adicionalmente se debe tomar 4 pastillas de DULCOLAX as\u00ed:<\/span><\/p>\n<p id=\"u5882-19\" class=\"p1\"><span style=\"color: #333333;\">\u00b7 2 Tabletas a las 2:00 pm<\/span><\/p>\n<p id=\"u5882-21\" class=\"p1\"><span style=\"color: #333333;\">\u00b7 2 tabletas a las 4:00 pm<\/span><\/p>\n<p id=\"u5882-23\" class=\"p1\"><span style=\"color: #333333;\">Importante que despu\u00e9s del consumo de las pastillas se mantenga muy hidratado.<\/span><\/p><\/div>\n\t\t\t\t<\/div>\n\t\t\t\t\t\t\t\t<\/div>\n\t\t\t\t<\/div>\n\t\t\t\t<\/div>\n\t\t\t\t\t\t<\/div>\n\t\t\t\t\t<\/div>\n\t\t<\/div>\n\t\t\t\t\t\t\t\t<\/div>\n\t\t\t\t\t<\/div>\n\t\t<\/section>\n\t\t\t\t\t\t\t\t\t<\/div>\n\t\t\t<\/div>\n\t\t\t\t\t<\/div>\n\t\t","protected":false},"excerpt":{"rendered":"<p>GU\u00cdA DE ORIENTACI\u00d3N AL CLIENTE SERVICIOS M\u00c9DICOS OCUPACIONALES Para efectos de coordinaci\u00f3n y oportunidad,\u00a0 agradecemos se comuniquen con anticipaci\u00f3n a\u00a0 los n\u00fameros y\/o correo de citas citas@asistiripsyhse.com.co;\u00a0 y\/o n\u00fameros de atenci\u00f3n al usuario. 3138163434- 6357082. Con el fin de emitir la informaci\u00f3n de los usuarios que se\u00a0 atender\u00e1n. Tener en cuenta que la atenci\u00f3n es&#8230;<\/p>\n","protected":false},"author":1,"featured_media":0,"parent":0,"menu_order":3,"comment_status":"closed","ping_status":"open","template":"elementor_theme","meta":{"footnotes":""},"yoast_head":"<!-- This site is optimized with the Yoast SEO plugin v18.4.1 - https:\/\/yoast.com\/wordpress\/plugins\/seo\/ -->\n<title>GU\u00cdA DE ORIENTACI\u00d3N AL CLIENTE - Asistir IPS y HSE<\/title>\n<meta name=\"robots\" content=\"index, follow, max-snippet:-1, max-image-preview:large, max-video-preview:-1\" \/>\n<link rel=\"canonical\" href=\"https:\/\/asistiripsyhse.com.co\/nuevo2021\/guia-orientacion-al-cliente\/\" \/>\n<meta property=\"og:locale\" content=\"es_ES\" \/>\n<meta property=\"og:type\" content=\"article\" \/>\n<meta property=\"og:title\" content=\"GU\u00cdA DE ORIENTACI\u00d3N AL CLIENTE - Asistir IPS y HSE\" \/>\n<meta property=\"og:description\" content=\"GU\u00cdA DE ORIENTACI\u00d3N AL CLIENTE SERVICIOS M\u00c9DICOS OCUPACIONALES Para efectos de coordinaci\u00f3n y oportunidad,\u00a0 agradecemos se comuniquen con anticipaci\u00f3n a\u00a0 los n\u00fameros y\/o correo de citas citas@asistiripsyhse.com.co;\u00a0 y\/o n\u00fameros de atenci\u00f3n al usuario. 3138163434- 6357082. Con el fin de emitir la informaci\u00f3n de los usuarios que se\u00a0 atender\u00e1n. Tener en cuenta que la atenci\u00f3n es...\" \/>\n<meta property=\"og:url\" content=\"https:\/\/asistiripsyhse.com.co\/nuevo2021\/guia-orientacion-al-cliente\/\" \/>\n<meta property=\"og:site_name\" content=\"Asistir IPS y HSE\" \/>\n<meta property=\"article:modified_time\" content=\"2022-01-31T02:36:05+00:00\" \/>\n<meta name=\"twitter:card\" content=\"summary_large_image\" \/>\n<meta name=\"twitter:label1\" content=\"Tiempo de lectura\" \/>\n\t<meta name=\"twitter:data1\" content=\"3 minutos\" \/>\n<script type=\"application\/ld+json\" class=\"yoast-schema-graph\">{\"@context\":\"https:\/\/schema.org\",\"@graph\":[{\"@type\":\"WebSite\",\"@id\":\"https:\/\/asistiripsyhse.com.co\/nuevo2021\/#website\",\"url\":\"https:\/\/asistiripsyhse.com.co\/nuevo2021\/\",\"name\":\"Asistir IPS y HSE\",\"description\":\"Su compa\u00f1\u00eda en Salud\",\"potentialAction\":[{\"@type\":\"SearchAction\",\"target\":{\"@type\":\"EntryPoint\",\"urlTemplate\":\"https:\/\/asistiripsyhse.com.co\/nuevo2021\/?s={search_term_string}\"},\"query-input\":\"required name=search_term_string\"}],\"inLanguage\":\"es\"},{\"@type\":\"WebPage\",\"@id\":\"https:\/\/asistiripsyhse.com.co\/nuevo2021\/guia-orientacion-al-cliente\/#webpage\",\"url\":\"https:\/\/asistiripsyhse.com.co\/nuevo2021\/guia-orientacion-al-cliente\/\",\"name\":\"GU\u00cdA DE ORIENTACI\u00d3N AL CLIENTE - Asistir IPS y HSE\",\"isPartOf\":{\"@id\":\"https:\/\/asistiripsyhse.com.co\/nuevo2021\/#website\"},\"datePublished\":\"2021-09-28T14:38:09+00:00\",\"dateModified\":\"2022-01-31T02:36:05+00:00\",\"breadcrumb\":{\"@id\":\"https:\/\/asistiripsyhse.com.co\/nuevo2021\/guia-orientacion-al-cliente\/#breadcrumb\"},\"inLanguage\":\"es\",\"potentialAction\":[{\"@type\":\"ReadAction\",\"target\":[\"https:\/\/asistiripsyhse.com.co\/nuevo2021\/guia-orientacion-al-cliente\/\"]}]},{\"@type\":\"BreadcrumbList\",\"@id\":\"https:\/\/asistiripsyhse.com.co\/nuevo2021\/guia-orientacion-al-cliente\/#breadcrumb\",\"itemListElement\":[{\"@type\":\"ListItem\",\"position\":1,\"name\":\"Portada\",\"item\":\"https:\/\/asistiripsyhse.com.co\/nuevo2021\/\"},{\"@type\":\"ListItem\",\"position\":2,\"name\":\"GU\u00cdA DE ORIENTACI\u00d3N AL CLIENTE\"}]}]}<\/script>\n<!-- \/ Yoast SEO plugin. -->","yoast_head_json":{"title":"GU\u00cdA DE ORIENTACI\u00d3N AL CLIENTE - Asistir IPS y HSE","robots":{"index":"index","follow":"follow","max-snippet":"max-snippet:-1","max-image-preview":"max-image-preview:large","max-video-preview":"max-video-preview:-1"},"canonical":"https:\/\/asistiripsyhse.com.co\/nuevo2021\/guia-orientacion-al-cliente\/","og_locale":"es_ES","og_type":"article","og_title":"GU\u00cdA DE ORIENTACI\u00d3N AL CLIENTE - Asistir IPS y HSE","og_description":"GU\u00cdA DE ORIENTACI\u00d3N AL CLIENTE SERVICIOS M\u00c9DICOS OCUPACIONALES Para efectos de coordinaci\u00f3n y oportunidad,\u00a0 agradecemos se comuniquen con anticipaci\u00f3n a\u00a0 los n\u00fameros y\/o correo de citas citas@asistiripsyhse.com.co;\u00a0 y\/o n\u00fameros de atenci\u00f3n al usuario. 3138163434- 6357082. Con el fin de emitir la informaci\u00f3n de los usuarios que se\u00a0 atender\u00e1n. Tener en cuenta que la atenci\u00f3n es...","og_url":"https:\/\/asistiripsyhse.com.co\/nuevo2021\/guia-orientacion-al-cliente\/","og_site_name":"Asistir IPS y HSE","article_modified_time":"2022-01-31T02:36:05+00:00","twitter_card":"summary_large_image","twitter_misc":{"Tiempo de lectura":"3 minutos"},"schema":{"@context":"https:\/\/schema.org","@graph":[{"@type":"WebSite","@id":"https:\/\/asistiripsyhse.com.co\/nuevo2021\/#website","url":"https:\/\/asistiripsyhse.com.co\/nuevo2021\/","name":"Asistir IPS y HSE","description":"Su compa\u00f1\u00eda en Salud","potentialAction":[{"@type":"SearchAction","target":{"@type":"EntryPoint","urlTemplate":"https:\/\/asistiripsyhse.com.co\/nuevo2021\/?s={search_term_string}"},"query-input":"required name=search_term_string"}],"inLanguage":"es"},{"@type":"WebPage","@id":"https:\/\/asistiripsyhse.com.co\/nuevo2021\/guia-orientacion-al-cliente\/#webpage","url":"https:\/\/asistiripsyhse.com.co\/nuevo2021\/guia-orientacion-al-cliente\/","name":"GU\u00cdA DE ORIENTACI\u00d3N AL CLIENTE - Asistir IPS y HSE","isPartOf":{"@id":"https:\/\/asistiripsyhse.com.co\/nuevo2021\/#website"},"datePublished":"2021-09-28T14:38:09+00:00","dateModified":"2022-01-31T02:36:05+00:00","breadcrumb":{"@id":"https:\/\/asistiripsyhse.com.co\/nuevo2021\/guia-orientacion-al-cliente\/#breadcrumb"},"inLanguage":"es","potentialAction":[{"@type":"ReadAction","target":["https:\/\/asistiripsyhse.com.co\/nuevo2021\/guia-orientacion-al-cliente\/"]}]},{"@type":"BreadcrumbList","@id":"https:\/\/asistiripsyhse.com.co\/nuevo2021\/guia-orientacion-al-cliente\/#breadcrumb","itemListElement":[{"@type":"ListItem","position":1,"name":"Portada","item":"https:\/\/asistiripsyhse.com.co\/nuevo2021\/"},{"@type":"ListItem","position":2,"name":"GU\u00cdA DE ORIENTACI\u00d3N AL CLIENTE"}]}]}},"_links":{"self":[{"href":"https:\/\/asistiripsyhse.com.co\/nuevo2021\/wp-json\/wp\/v2\/pages\/3195"}],"collection":[{"href":"https:\/\/asistiripsyhse.com.co\/nuevo2021\/wp-json\/wp\/v2\/pages"}],"about":[{"href":"https:\/\/asistiripsyhse.com.co\/nuevo2021\/wp-json\/wp\/v2\/types\/page"}],"author":[{"embeddable":true,"href":"https:\/\/asistiripsyhse.com.co\/nuevo2021\/wp-json\/wp\/v2\/users\/1"}],"replies":[{"embeddable":true,"href":"https:\/\/asistiripsyhse.com.co\/nuevo2021\/wp-json\/wp\/v2\/comments?post=3195"}],"version-history":[{"count":7,"href":"https:\/\/asistiripsyhse.com.co\/nuevo2021\/wp-json\/wp\/v2\/pages\/3195\/revisions"}],"predecessor-version":[{"id":3202,"href":"https:\/\/asistiripsyhse.com.co\/nuevo2021\/wp-json\/wp\/v2\/pages\/3195\/revisions\/3202"}],"wp:attachment":[{"href":"https:\/\/asistiripsyhse.com.co\/nuevo2021\/wp-json\/wp\/v2\/media?parent=3195"}],"curies":[{"name":"wp","href":"https:\/\/api.w.org\/{rel}","templated":true}]}}