{"id":3759,"date":"2022-03-16T06:32:19","date_gmt":"2022-03-16T06:32:19","guid":{"rendered":"https:\/\/asistiripsyhse.com.co\/nuevo2021\/?page_id=3759"},"modified":"2022-03-16T07:39:21","modified_gmt":"2022-03-16T07:39:21","slug":"pqrs","status":"publish","type":"page","link":"https:\/\/asistiripsyhse.com.co\/nuevo2021\/pqrs\/","title":{"rendered":"PQRS"},"content":{"rendered":"\t\t<div data-elementor-type=\"wp-page\" data-elementor-id=\"3759\" class=\"elementor elementor-3759\">\n\t\t\t\t\t\t<div class=\"elementor-inner\">\n\t\t\t\t<div class=\"elementor-section-wrap\">\n\t\t\t\t\t\t\t\t\t<section class=\"elementor-section elementor-top-section elementor-element elementor-element-fcff2cc elementor-section-stretched elementor-section-boxed elementor-section-height-default elementor-section-height-default\" data-id=\"fcff2cc\" data-element_type=\"section\" data-settings=\"{&quot;stretch_section&quot;:&quot;section-stretched&quot;,&quot;background_background&quot;:&quot;classic&quot;}\">\n\t\t\t\t\t\t<div class=\"elementor-container elementor-column-gap-default\">\n\t\t\t\t\t\t\t<div class=\"elementor-row\">\n\t\t\t\t\t<div class=\"elementor-column elementor-col-100 elementor-top-column elementor-element elementor-element-fba6299\" data-id=\"fba6299\" data-element_type=\"column\">\n\t\t\t<div class=\"elementor-column-wrap elementor-element-populated\">\n\t\t\t\t\t\t\t<div class=\"elementor-widget-wrap\">\n\t\t\t\t\t\t<div class=\"elementor-element elementor-element-72650ae elementor-widget elementor-widget-shortcode\" data-id=\"72650ae\" data-element_type=\"widget\" data-widget_type=\"shortcode.default\">\n\t\t\t\t<div class=\"elementor-widget-container\">\n\t\t\t\t\t<div class=\"elementor-shortcode\"><div role=\"form\" class=\"wpcf7\" id=\"wpcf7-f3771-o1\" lang=\"en-US\" dir=\"ltr\">\n<div class=\"screen-reader-response\"><p role=\"status\" aria-live=\"polite\" aria-atomic=\"true\"><\/p> <ul><\/ul><\/div>\n<form action=\"\/nuevo2021\/wp-json\/wp\/v2\/pages\/3759#wpcf7-f3771-o1\" method=\"post\" class=\"wpcf7-form init\" enctype=\"multipart\/form-data\" novalidate=\"novalidate\" data-status=\"init\">\n<div style=\"display: none;\">\n<input type=\"hidden\" name=\"_wpcf7\" value=\"3771\" \/>\n<input type=\"hidden\" name=\"_wpcf7_version\" value=\"5.6.4\" \/>\n<input type=\"hidden\" name=\"_wpcf7_locale\" value=\"en_US\" \/>\n<input type=\"hidden\" name=\"_wpcf7_unit_tag\" value=\"wpcf7-f3771-o1\" \/>\n<input type=\"hidden\" name=\"_wpcf7_container_post\" value=\"0\" \/>\n<input type=\"hidden\" name=\"_wpcf7_posted_data_hash\" value=\"\" \/>\n<\/div>\n<div class=\"appointment-box-layout1 light\">\n<h3 class=\"section-title-light title-bar-primary\">Peticiones, quejas, reclamos o felicitaciones<\/h3>\n<div class=\"row gutters-15\">\n<div class=\"col-12 form-group\">\n<span class=\"wpcf7-form-control-wrap\" data-name=\"form-name\"><input type=\"text\" name=\"form-name\" value=\"\" size=\"40\" class=\"wpcf7-form-control wpcf7-text wpcf7-validates-as-required form-control\" aria-required=\"true\" aria-invalid=\"false\" placeholder=\"Nombre completo*\" \/><\/span>\n<\/div>\n<div class=\"col-md-6 form-group\">\n<span class=\"wpcf7-form-control-wrap\" data-name=\"tel-417\"><input type=\"tel\" name=\"tel-417\" value=\"\" size=\"40\" class=\"wpcf7-form-control wpcf7-text wpcf7-tel wpcf7-validates-as-required wpcf7-validates-as-tel\" aria-required=\"true\" aria-invalid=\"false\" placeholder=\"Celular*\" \/><\/span>\n<\/div>\n<div class=\"col-md-6 form-group\">\n<span class=\"wpcf7-form-control-wrap\" data-name=\"email\"><input type=\"email\" name=\"email\" value=\"\" size=\"40\" class=\"wpcf7-form-control wpcf7-text wpcf7-email wpcf7-validates-as-required wpcf7-validates-as-email form-control\" aria-required=\"true\" aria-invalid=\"false\" placeholder=\"E-mail*\" \/><\/span>\n<\/div>\n<div class=\"col-12 form-group\">\n<span class=\"wpcf7-form-control-wrap\" data-name=\"form-company\"><input type=\"text\" name=\"form-company\" value=\"\" size=\"40\" class=\"wpcf7-form-control wpcf7-text wpcf7-validates-as-required form-control\" aria-required=\"true\" aria-invalid=\"false\" placeholder=\"Empresa*\" \/><\/span>\n<\/div>\n<div class=\"col-12 form-group\">\n<h4> Fecha de acontecimiento <\/h4>\n<p><span class=\"wpcf7-form-control-wrap\" data-name=\"date\"><input type=\"date\" name=\"date\" value=\"\" class=\"wpcf7-form-control wpcf7-date wpcf7-validates-as-date form-control rt-date\" aria-invalid=\"false\" \/><\/span>\n<\/p><\/div>\n<div class=\"col-12 form-group\">\n<span class=\"wpcf7-form-control-wrap\" data-name=\"department\"><select name=\"department\" class=\"wpcf7-form-control wpcf7-select wpcf7-validates-as-required select2\" aria-required=\"true\" aria-invalid=\"false\"><option value=\"Selecciona el \u00c1rea sobre la cu\u00e1l desea hacer su sugerencia, petici\u00f3n o felicitaci\u00f3n.\">Selecciona el \u00c1rea sobre la cu\u00e1l desea hacer su sugerencia, petici\u00f3n o felicitaci\u00f3n.<\/option><option value=\"Recepci\u00f3n o Atenci\u00f3n al p\u00fablico\">Recepci\u00f3n o Atenci\u00f3n al p\u00fablico<\/option><option value=\"Servicios IPS\">Servicios IPS<\/option><option value=\"Redes Sociales\">Redes Sociales<\/option><option value=\"P\u00e1gina Web\">P\u00e1gina Web<\/option><\/select><\/span>\n<\/div>\n<div class=\"col-12 form-group\">\n<span class=\"wpcf7-form-control-wrap\" data-name=\"message\"><textarea name=\"message\" cols=\"40\" rows=\"10\" class=\"wpcf7-form-control wpcf7-textarea textarea form-control\" aria-invalid=\"false\" placeholder=\"Dejanos tu comentario aqu\u00ed\"><\/textarea><\/span>\n<\/div>\n<h3>Evidencias<\/h3>\n<div class=\"col-sm-4 form-group\">\n<span class=\"wpcf7-form-control-wrap\" data-name=\"file-562\"><input type=\"file\" name=\"file-562\" size=\"40\" class=\"wpcf7-form-control wpcf7-file\" accept=\".pdf,.jpg,.png,.jpeg\" aria-invalid=\"false\" \/><\/span>\n<\/div>\n<div class=\"col-sm-4 form-group\">\n<span class=\"wpcf7-form-control-wrap\" data-name=\"file-563\"><input type=\"file\" name=\"file-563\" size=\"40\" class=\"wpcf7-form-control wpcf7-file\" accept=\".pdf,.jpg,.png,.jpeg\" aria-invalid=\"false\" \/><\/span>\n<\/div>\n<div class=\"col-sm-4 form-group\">\n<span class=\"wpcf7-form-control-wrap\" data-name=\"file-564\"><input type=\"file\" name=\"file-564\" size=\"40\" class=\"wpcf7-form-control wpcf7-file\" accept=\".pdf,.jpg,.png,.jpeg\" aria-invalid=\"false\" \/><\/span>\n<\/div>\n<\/div>\n<p><input type=\"submit\" value=\"Enviar\" class=\"wpcf7-form-control has-spinner wpcf7-submit\" \/>\n<\/p><\/div>\n<div class=\"wpcf7-response-output\" aria-hidden=\"true\"><\/div><\/form><\/div><\/div>\n\t\t\t\t<\/div>\n\t\t\t\t<\/div>\n\t\t\t\t\t\t<\/div>\n\t\t\t\t\t<\/div>\n\t\t<\/div>\n\t\t\t\t\t\t\t\t<\/div>\n\t\t\t\t\t<\/div>\n\t\t<\/section>\n\t\t\t\t\t\t\t\t\t<\/div>\n\t\t\t<\/div>\n\t\t\t\t\t<\/div>\n\t\t","protected":false},"excerpt":{"rendered":"","protected":false},"author":1,"featured_media":0,"parent":0,"menu_order":8,"comment_status":"closed","ping_status":"closed","template":"","meta":{"footnotes":""},"yoast_head":"<!-- This site is optimized with the Yoast SEO plugin v18.4.1 - https:\/\/yoast.com\/wordpress\/plugins\/seo\/ -->\n<title>PQRS - Asistir IPS y HSE<\/title>\n<meta name=\"robots\" content=\"index, follow, max-snippet:-1, max-image-preview:large, max-video-preview:-1\" \/>\n<link rel=\"canonical\" href=\"https:\/\/asistiripsyhse.com.co\/nuevo2021\/pqrs\/\" \/>\n<meta property=\"og:locale\" content=\"es_ES\" \/>\n<meta property=\"og:type\" content=\"article\" \/>\n<meta property=\"og:title\" content=\"PQRS - Asistir IPS y HSE\" \/>\n<meta property=\"og:url\" content=\"https:\/\/asistiripsyhse.com.co\/nuevo2021\/pqrs\/\" \/>\n<meta property=\"og:site_name\" content=\"Asistir IPS y HSE\" \/>\n<meta property=\"article:modified_time\" content=\"2022-03-16T07:39:21+00:00\" \/>\n<meta name=\"twitter:card\" content=\"summary_large_image\" \/>\n<meta name=\"twitter:label1\" content=\"Tiempo de lectura\" \/>\n\t<meta name=\"twitter:data1\" content=\"1 minuto\" \/>\n<script type=\"application\/ld+json\" class=\"yoast-schema-graph\">{\"@context\":\"https:\/\/schema.org\",\"@graph\":[{\"@type\":\"WebSite\",\"@id\":\"https:\/\/asistiripsyhse.com.co\/nuevo2021\/#website\",\"url\":\"https:\/\/asistiripsyhse.com.co\/nuevo2021\/\",\"name\":\"Asistir IPS y HSE\",\"description\":\"Su compa\u00f1\u00eda en Salud\",\"potentialAction\":[{\"@type\":\"SearchAction\",\"target\":{\"@type\":\"EntryPoint\",\"urlTemplate\":\"https:\/\/asistiripsyhse.com.co\/nuevo2021\/?s={search_term_string}\"},\"query-input\":\"required name=search_term_string\"}],\"inLanguage\":\"es\"},{\"@type\":\"WebPage\",\"@id\":\"https:\/\/asistiripsyhse.com.co\/nuevo2021\/pqrs\/#webpage\",\"url\":\"https:\/\/asistiripsyhse.com.co\/nuevo2021\/pqrs\/\",\"name\":\"PQRS - Asistir IPS y HSE\",\"isPartOf\":{\"@id\":\"https:\/\/asistiripsyhse.com.co\/nuevo2021\/#website\"},\"datePublished\":\"2022-03-16T06:32:19+00:00\",\"dateModified\":\"2022-03-16T07:39:21+00:00\",\"breadcrumb\":{\"@id\":\"https:\/\/asistiripsyhse.com.co\/nuevo2021\/pqrs\/#breadcrumb\"},\"inLanguage\":\"es\",\"potentialAction\":[{\"@type\":\"ReadAction\",\"target\":[\"https:\/\/asistiripsyhse.com.co\/nuevo2021\/pqrs\/\"]}]},{\"@type\":\"BreadcrumbList\",\"@id\":\"https:\/\/asistiripsyhse.com.co\/nuevo2021\/pqrs\/#breadcrumb\",\"itemListElement\":[{\"@type\":\"ListItem\",\"position\":1,\"name\":\"Portada\",\"item\":\"https:\/\/asistiripsyhse.com.co\/nuevo2021\/\"},{\"@type\":\"ListItem\",\"position\":2,\"name\":\"PQRS\"}]}]}<\/script>\n<!-- \/ Yoast SEO plugin. -->","yoast_head_json":{"title":"PQRS - Asistir IPS y HSE","robots":{"index":"index","follow":"follow","max-snippet":"max-snippet:-1","max-image-preview":"max-image-preview:large","max-video-preview":"max-video-preview:-1"},"canonical":"https:\/\/asistiripsyhse.com.co\/nuevo2021\/pqrs\/","og_locale":"es_ES","og_type":"article","og_title":"PQRS - Asistir IPS y HSE","og_url":"https:\/\/asistiripsyhse.com.co\/nuevo2021\/pqrs\/","og_site_name":"Asistir IPS y HSE","article_modified_time":"2022-03-16T07:39:21+00:00","twitter_card":"summary_large_image","twitter_misc":{"Tiempo de lectura":"1 minuto"},"schema":{"@context":"https:\/\/schema.org","@graph":[{"@type":"WebSite","@id":"https:\/\/asistiripsyhse.com.co\/nuevo2021\/#website","url":"https:\/\/asistiripsyhse.com.co\/nuevo2021\/","name":"Asistir IPS y HSE","description":"Su compa\u00f1\u00eda en Salud","potentialAction":[{"@type":"SearchAction","target":{"@type":"EntryPoint","urlTemplate":"https:\/\/asistiripsyhse.com.co\/nuevo2021\/?s={search_term_string}"},"query-input":"required name=search_term_string"}],"inLanguage":"es"},{"@type":"WebPage","@id":"https:\/\/asistiripsyhse.com.co\/nuevo2021\/pqrs\/#webpage","url":"https:\/\/asistiripsyhse.com.co\/nuevo2021\/pqrs\/","name":"PQRS - Asistir IPS y HSE","isPartOf":{"@id":"https:\/\/asistiripsyhse.com.co\/nuevo2021\/#website"},"datePublished":"2022-03-16T06:32:19+00:00","dateModified":"2022-03-16T07:39:21+00:00","breadcrumb":{"@id":"https:\/\/asistiripsyhse.com.co\/nuevo2021\/pqrs\/#breadcrumb"},"inLanguage":"es","potentialAction":[{"@type":"ReadAction","target":["https:\/\/asistiripsyhse.com.co\/nuevo2021\/pqrs\/"]}]},{"@type":"BreadcrumbList","@id":"https:\/\/asistiripsyhse.com.co\/nuevo2021\/pqrs\/#breadcrumb","itemListElement":[{"@type":"ListItem","position":1,"name":"Portada","item":"https:\/\/asistiripsyhse.com.co\/nuevo2021\/"},{"@type":"ListItem","position":2,"name":"PQRS"}]}]}},"_links":{"self":[{"href":"https:\/\/asistiripsyhse.com.co\/nuevo2021\/wp-json\/wp\/v2\/pages\/3759"}],"collection":[{"href":"https:\/\/asistiripsyhse.com.co\/nuevo2021\/wp-json\/wp\/v2\/pages"}],"about":[{"href":"https:\/\/asistiripsyhse.com.co\/nuevo2021\/wp-json\/wp\/v2\/types\/page"}],"author":[{"embeddable":true,"href":"https:\/\/asistiripsyhse.com.co\/nuevo2021\/wp-json\/wp\/v2\/users\/1"}],"replies":[{"embeddable":true,"href":"https:\/\/asistiripsyhse.com.co\/nuevo2021\/wp-json\/wp\/v2\/comments?post=3759"}],"version-history":[{"count":20,"href":"https:\/\/asistiripsyhse.com.co\/nuevo2021\/wp-json\/wp\/v2\/pages\/3759\/revisions"}],"predecessor-version":[{"id":3782,"href":"https:\/\/asistiripsyhse.com.co\/nuevo2021\/wp-json\/wp\/v2\/pages\/3759\/revisions\/3782"}],"wp:attachment":[{"href":"https:\/\/asistiripsyhse.com.co\/nuevo2021\/wp-json\/wp\/v2\/media?parent=3759"}],"curies":[{"name":"wp","href":"https:\/\/api.w.org\/{rel}","templated":true}]}}